{"id":288,"date":"2024-10-15T11:00:09","date_gmt":"2024-10-15T11:00:09","guid":{"rendered":"https:\/\/www.fifb.be\/?page_id=288"},"modified":"2024-11-07T23:42:50","modified_gmt":"2024-11-07T23:42:50","slug":"formulaire-presse-pro","status":"publish","type":"page","link":"https:\/\/www.fifb.be\/en\/formulaire-presse-pro\/","title":{"rendered":"Press Pro form"},"content":{"rendered":"<div data-elementor-type=\"wp-page\" data-elementor-id=\"288\" class=\"elementor elementor-288\" data-elementor-settings=\"{&quot;element_pack_global_tooltip_width&quot;:{&quot;unit&quot;:&quot;px&quot;,&quot;size&quot;:&quot;&quot;,&quot;sizes&quot;:[]},&quot;element_pack_global_tooltip_width_tablet&quot;:{&quot;unit&quot;:&quot;px&quot;,&quot;size&quot;:&quot;&quot;,&quot;sizes&quot;:[]},&quot;element_pack_global_tooltip_width_mobile&quot;:{&quot;unit&quot;:&quot;px&quot;,&quot;size&quot;:&quot;&quot;,&quot;sizes&quot;:[]},&quot;element_pack_global_tooltip_padding&quot;:{&quot;unit&quot;:&quot;px&quot;,&quot;top&quot;:&quot;&quot;,&quot;right&quot;:&quot;&quot;,&quot;bottom&quot;:&quot;&quot;,&quot;left&quot;:&quot;&quot;,&quot;isLinked&quot;:true},&quot;element_pack_global_tooltip_padding_tablet&quot;:{&quot;unit&quot;:&quot;px&quot;,&quot;top&quot;:&quot;&quot;,&quot;right&quot;:&quot;&quot;,&quot;bottom&quot;:&quot;&quot;,&quot;left&quot;:&quot;&quot;,&quot;isLinked&quot;:true},&quot;element_pack_global_tooltip_padding_mobile&quot;:{&quot;unit&quot;:&quot;px&quot;,&quot;top&quot;:&quot;&quot;,&quot;right&quot;:&quot;&quot;,&quot;bottom&quot;:&quot;&quot;,&quot;left&quot;:&quot;&quot;,&quot;isLinked&quot;:true},&quot;element_pack_global_tooltip_border_radius&quot;:{&quot;unit&quot;:&quot;px&quot;,&quot;top&quot;:&quot;&quot;,&quot;right&quot;:&quot;&quot;,&quot;bottom&quot;:&quot;&quot;,&quot;left&quot;:&quot;&quot;,&quot;isLinked&quot;:true},&quot;element_pack_global_tooltip_border_radius_tablet&quot;:{&quot;unit&quot;:&quot;px&quot;,&quot;top&quot;:&quot;&quot;,&quot;right&quot;:&quot;&quot;,&quot;bottom&quot;:&quot;&quot;,&quot;left&quot;:&quot;&quot;,&quot;isLinked&quot;:true},&quot;element_pack_global_tooltip_border_radius_mobile&quot;:{&quot;unit&quot;:&quot;px&quot;,&quot;top&quot;:&quot;&quot;,&quot;right&quot;:&quot;&quot;,&quot;bottom&quot;:&quot;&quot;,&quot;left&quot;:&quot;&quot;,&quot;isLinked&quot;:true}}\" data-elementor-post-type=\"page\">\n\t\t\t\t<div class=\"elementor-element elementor-element-8421b4f e-con-full e-flex e-con e-parent\" data-id=\"8421b4f\" data-element_type=\"container\" data-settings=\"{&quot;ekit_has_onepagescroll_dot&quot;:&quot;yes&quot;}\">\n\t\t\t\t<div class=\"elementor-element elementor-element-043697e elementor-widget elementor-widget-image\" data-id=\"043697e\" data-element_type=\"widget\" data-settings=\"{&quot;ekit_we_effect_on&quot;:&quot;none&quot;}\" data-widget_type=\"image.default\">\n\t\t\t\t<div class=\"elementor-widget-container\">\n\t\t\t\t\t\t\t\t\t\t\t\t\t\t\t<img fetchpriority=\"high\" decoding=\"async\" width=\"1440\" height=\"570\" src=\"https:\/\/www.fifb.be\/wp-content\/uploads\/2024\/11\/Card-1-ACCREDITATION-PRESSE.png\" class=\"attachment-full size-full wp-image-6366\" alt=\"\" srcset=\"https:\/\/www.fifb.be\/wp-content\/uploads\/2024\/11\/Card-1-ACCREDITATION-PRESSE.png 1440w, https:\/\/www.fifb.be\/wp-content\/uploads\/2024\/11\/Card-1-ACCREDITATION-PRESSE-300x119.png 300w, https:\/\/www.fifb.be\/wp-content\/uploads\/2024\/11\/Card-1-ACCREDITATION-PRESSE-1024x405.png 1024w, https:\/\/www.fifb.be\/wp-content\/uploads\/2024\/11\/Card-1-ACCREDITATION-PRESSE-768x304.png 768w, https:\/\/www.fifb.be\/wp-content\/uploads\/2024\/11\/Card-1-ACCREDITATION-PRESSE-18x7.png 18w\" sizes=\"(max-width: 1440px) 100vw, 1440px\" \/>\t\t\t\t\t\t\t\t\t\t\t\t\t\t\t<\/div>\n\t\t\t\t<\/div>\n\t\t\t\t<\/div>\n\t\t<div class=\"elementor-element elementor-element-d01ce66 e-flex e-con-boxed e-con e-parent\" data-id=\"d01ce66\" data-element_type=\"container\" data-settings=\"{&quot;ekit_has_onepagescroll_dot&quot;:&quot;yes&quot;}\">\n\t\t\t\t\t<div class=\"e-con-inner\">\n\t\t\t\t<div class=\"elementor-element elementor-element-29994f2 elementor-widget elementor-widget-shortcode\" data-id=\"29994f2\" data-element_type=\"widget\" data-settings=\"{&quot;ekit_we_effect_on&quot;:&quot;none&quot;}\" data-widget_type=\"shortcode.default\">\n\t\t\t\t<div class=\"elementor-widget-container\">\n\t\t\t\t\t\t\t<div class=\"elementor-shortcode\"><div class=\"frm_forms  with_frm_style frm_style_formidable-style\" id=\"frm_form_6_container\" data-token=\"8943141db7578c069d2adc3a0d3044b5\">\n<form enctype=\"multipart\/form-data\" method=\"post\" class=\"frm-show-form  frm_ajax_submit  frm_pro_form\" id=\"form_online-event-registration\" data-token=\"8943141db7578c069d2adc3a0d3044b5\" action=\"\">\n<div class=\"frm_form_fields\">\n<fieldset>\n<legend class=\"frm_screen_reader\">Press accreditation<\/legend>\r\n\r\n<div class=\"frm_fields_container\">\n<input type=\"hidden\" name=\"frm_action\" value=\"create\" \/>\n<input type=\"hidden\" name=\"form_id\" value=\"6\" \/>\n<input type=\"hidden\" name=\"frm_hide_fields_6\" id=\"frm_hide_fields_6\" value=\"\" \/>\n<input type=\"hidden\" name=\"form_key\" value=\"online-event-registration\" \/>\n<input type=\"hidden\" name=\"item_meta[0]\" value=\"\" \/>\n<input type=\"hidden\" id=\"frm_submit_entry_6\" name=\"frm_submit_entry_6\" value=\"35dd9e6bc0\" \/><input type=\"hidden\" name=\"_wp_http_referer\" value=\"\/en\/wp-json\/wp\/v2\/pages\/288\" \/><div id=\"frm_field_105_container\" class=\"frm_form_field form-field  frm_required_field frm_top_container\">\n\t<div  id=\"field_io7ct_label\" class=\"frm_primary_label\">Name\n\t\t<span class=\"frm_required\" aria-hidden=\"true\">*<\/span>\n\t<\/div>\n\t<fieldset aria-labelledby=\"field_io7ct_label\">\n\t<legend class=\"frm_screen_reader frm_hidden\">\n\t\tName\t<\/legend>\n\n\t<div  class=\"frm_combo_inputs_container\" id=\"frm_combo_inputs_container_105\" data-name-layout=\"first_last\">\n\t\t\t\t\t<div\n\t\t\t\tid=\"frm_field_105-first_container\"\n\t\t\t\tclass=\"frm_form_field form-field frm_form_subfield-first  frm6\"\n\t\t\t\tdata-sub-field-name=\"first\"\n\t\t\t>\n\t\t\t\t<label for=\"field_io7ct_first\" class=\"frm_screen_reader frm_hidden\">\n\t\t\t\t\tFirst name\t\t\t\t<\/label>\n\n\t\t\t\t<input  type=\"text\" id=\"field_io7ct_first\" value=\"\" name=\"item_meta[105][first]\" data-reqmsg=\"Nom ne peut pas \u00eatre vide.\" aria-required=\"true\" data-invmsg=\"Nom is invalid\" aria-invalid=\"false\"  \/><div class=\"frm_description\" id=\"frm_field_105_first_desc\">First name<\/div>\t\t\t<\/div>\n\t\t\t\t\t\t<div\n\t\t\t\tid=\"frm_field_105-last_container\"\n\t\t\t\tclass=\"frm_form_field form-field frm_form_subfield-last  frm6\"\n\t\t\t\tdata-sub-field-name=\"last\"\n\t\t\t>\n\t\t\t\t<label for=\"field_io7ct_last\" class=\"frm_screen_reader frm_hidden\">\n\t\t\t\t\tName\t\t\t\t<\/label>\n\n\t\t\t\t<input  type=\"text\" id=\"field_io7ct_last\" value=\"\" name=\"item_meta[105][last]\" data-reqmsg=\"Nom ne peut pas \u00eatre vide.\" aria-required=\"true\" data-invmsg=\"Nom is invalid\" aria-invalid=\"false\"  \/><div class=\"frm_description\" id=\"frm_field_105_last_desc\">Name<\/div>\t\t\t<\/div>\n\t\t\t\t<\/div>\n<\/fieldset>\n\n\t\n\t\n<\/div>\n<div id=\"frm_field_68_container\" class=\"frm_form_field form-field  frm_required_field frm_top_container frm6 frm_first\">\r\n    <label for=\"field_29yf4d8\" id=\"field_29yf4d8_label\" class=\"frm_primary_label\">Email\r\n        <span class=\"frm_required\">*<\/span>\r\n    <\/label>\r\n    <input type=\"email\" id=\"field_29yf4d8\" name=\"item_meta[68]\" value=\"\"  data-reqmsg=\"Blank Field\" aria-required=\"true\" data-invmsg=\"Please enter a valid email address\" aria-invalid=\"false\"  \/>\r\n    \r\n    \r\n<\/div>\n<div id=\"frm_field_69_container\" class=\"frm_form_field form-field  frm_required_field frm_top_container frm6\">\r\n    <label for=\"field_9dkes\" id=\"field_9dkes_label\" class=\"frm_primary_label\">Phone\r\n        <span class=\"frm_required\">*<\/span>\r\n    <\/label>\r\n    <input type=\"tel\" id=\"field_9dkes\" name=\"item_meta[69]\" value=\"\"  data-reqmsg=\"Blank Field\" aria-required=\"true\" data-invmsg=\"Phone is invalid\" class=\"frm-intl-tel-input\" aria-invalid=\"false\" pattern=\"\\+?\\d{1,4}[\\s\\-]?(?:\\(\\d{1,3}\\)[\\s\\-]?)?\\d{1,4}[\\s\\-]?\\d{1,4}[\\s\\-]?\\d{1,4}$\"  \/>\r\n    \r\n    \r\n<\/div>\n<div id=\"frm_field_106_container\" class=\"frm_form_field form-field  frm_required_field frm_top_container frm6 frm_first\">\n\t<label for=\"field_hdlkf\" id=\"field_hdlkf_label\" class=\"frm_primary_label\">Press agency\n\t\t<span class=\"frm_required\" aria-hidden=\"true\">*<\/span>\n\t<\/label>\n\t<input  type=\"text\" id=\"field_hdlkf\" name=\"item_meta[106]\" value=\"\"  data-reqmsg=\"Agence de presse ne peut pas \u00eatre vide.\" aria-required=\"true\" data-invmsg=\"Agence de presse est non valide\" aria-invalid=\"false\"   \/>\n\t\n\t\n<\/div>\n<div id=\"frm_field_71_container\" class=\"frm_form_field form-field  frm_required_field frm_top_container frm6\">\r\n    <label for=\"field_jiumo\" id=\"field_jiumo_label\" class=\"frm_primary_label\">Number of seats\r\n        <span class=\"frm_required\">*<\/span>\r\n    <\/label>\r\n    \t\t<select name=\"item_meta[71]\" id=\"field_jiumo\"  data-frmval=\"1\" data-reqmsg=\"Nombre de places ne peut pas \u00eatre vide.\" aria-required=\"true\" data-invmsg=\"Nombre de places est non valide\" aria-invalid=\"false\"  >\n\t\t<option  value=\"1\" selected='selected'>1<\/option><option  value=\"2\">2<\/option><option  value=\"3\">3<\/option><option  value=\"4\">4<\/option><option  value=\"5\">5<\/option>\t<\/select>\n\t\r\n    \r\n    \r\n<\/div>\n<div id=\"frm_field_72_container\" class=\"frm_form_field form-field  frm_required_field frm_top_container vertical_radio\">\r\n    <div  id=\"field_eq6jf_label\" class=\"frm_primary_label\">Events\r\n        <span class=\"frm_required\" aria-hidden=\"true\">*<\/span>\r\n    <\/div>\r\n    <div class=\"frm_opt_container\" aria-labelledby=\"field_eq6jf_label\" role=\"group\">\t\t<div class=\"frm_checkbox\" id=\"frm_checkbox_72-0\">\t\t\t<label  for=\"field_eq6jf-0\">\n\t\t\t<input type=\"checkbox\" name=\"item_meta[72][]\" id=\"field_eq6jf-0\" value=\"Le 15\/10: Conf\u00e9rence de presse - 09h30\"  data-frmlimit=\"6\"  data-frmmin=\"1\"  data-reqmsg=\"\u00c9v\u00e8nements ne peut pas \u00eatre vide.\" data-invmsg=\"\u00c9v\u00e8nements est non valide\"   aria-required=\"true\"  \/> 15\/10: Press conference - 09:30 a.m.<\/label><\/div>\n\t\t<div class=\"frm_checkbox\" id=\"frm_checkbox_72-1\">\t\t\t<label  for=\"field_eq6jf-1\">\n\t\t\t<input type=\"checkbox\" name=\"item_meta[72][]\" id=\"field_eq6jf-1\" value=\"Le 28\/10 : C\u00e9r\u00e9monie d&#039;ouverture \u2013  19h00\"  data-frmlimit=\"6\"  data-frmmin=\"1\"  data-reqmsg=\"\u00c9v\u00e8nements ne peut pas \u00eatre vide.\" data-invmsg=\"\u00c9v\u00e8nements est non valide\"   \/> 28\/10: Opening ceremony - 7:00 pm<\/label><\/div>\n\t\t<div class=\"frm_checkbox\" id=\"frm_checkbox_72-2\">\t\t\t<label  for=\"field_eq6jf-2\">\n\t\t\t<input type=\"checkbox\" name=\"item_meta[72][]\" id=\"field_eq6jf-2\" value=\"Du 29\/10-31\/10:  Comp\u00e9tition Internationale \/ Fictions\"  data-frmlimit=\"6\"  data-frmmin=\"1\"  data-reqmsg=\"\u00c9v\u00e8nements ne peut pas \u00eatre vide.\" data-invmsg=\"\u00c9v\u00e8nements est non valide\"   \/> From 10\/29-31\/10: International Competition \/ Fiction<\/label><\/div>\n\t\t<div class=\"frm_checkbox\" id=\"frm_checkbox_72-3\">\t\t\t<label  for=\"field_eq6jf-3\">\n\t\t\t<input type=\"checkbox\" name=\"item_meta[72][]\" id=\"field_eq6jf-3\" value=\"Le 29\/10: Comp\u00e9tition Internationales Cin\u00e9 Jeunes - 17h-19h\"  data-frmlimit=\"6\"  data-frmmin=\"1\"  data-reqmsg=\"\u00c9v\u00e8nements ne peut pas \u00eatre vide.\" data-invmsg=\"\u00c9v\u00e8nements est non valide\"   \/> 10\/29: Cin\u00e9 Jeunes International Competition - 5pm-7pm<\/label><\/div>\n\t\t<div class=\"frm_checkbox\" id=\"frm_checkbox_72-5\">\t\t\t<label  for=\"field_eq6jf-5\">\n\t\t\t<input type=\"checkbox\" name=\"item_meta[72][]\" id=\"field_eq6jf-5\" value=\"Le 31\/10: Comp\u00e9tition Documentaire\"  data-frmlimit=\"6\"  data-frmmin=\"1\"  data-reqmsg=\"\u00c9v\u00e8nements ne peut pas \u00eatre vide.\" data-invmsg=\"\u00c9v\u00e8nements est non valide\"   \/> 10\/31: Documentary Competition<\/label><\/div>\n\t\t<div class=\"frm_checkbox\" id=\"frm_checkbox_72-4\">\t\t\t<label  for=\"field_eq6jf-4\">\n\t\t\t<input type=\"checkbox\" name=\"item_meta[72][]\" id=\"field_eq6jf-4\" value=\"Le 01\/11: C\u00e9r\u00e9monie de cl\u00f4ture - 19h00\"  data-frmlimit=\"6\"  data-frmmin=\"1\"  data-reqmsg=\"\u00c9v\u00e8nements ne peut pas \u00eatre vide.\" data-invmsg=\"\u00c9v\u00e8nements est non valide\"   \/> 01\/11: Closing ceremony - 7:00 pm<\/label><\/div>\n<\/div>\r\n    <div class=\"frm_description\" id=\"frm_desc_field_eq6jf\">You can choose one or more events<\/div>\r\n    \r\n<\/div>\n<div id=\"frm_field_73_container\" class=\"frm_form_field form-field  frm_top_container\">\r\n    <label for=\"field_7bfwx\" id=\"field_7bfwx_label\" class=\"frm_primary_label\">Photo\r\n        <span class=\"frm_required\" aria-hidden=\"true\"><\/span>\r\n    <\/label>\r\n    <input type=\"hidden\"  data-invmsg=\"T\u00e9l\u00e9versement de fichier est non valide\" class=\"auto_width\" aria-invalid=\"false\"   name=\"item_meta[73]\"  value=\"\" data-frmfile=\"73\" \/>\n\n<div class=\"frm_dropzone frm_single_upload frm_clearfix\" id=\"file73_dropzone\" role=\"group\"  aria-describedby=\"frm_desc_field_7bfwx\">\n\t<div class=\"fallback\">\n\t\t<input type=\"file\" name=\"file73\" id=\"field_7bfwx\"\n\t\t\t data-invmsg=\"T\u00e9l\u00e9versement de fichier est non valide\" class=\"auto_width\" aria-invalid=\"false\"  \t\t\t\/>\n\t\t\t\t<div class=\"frm_clearfix\"><\/div>\n\t<\/div>\n\t<div class=\"dz-message needsclick\">\n\t\t\t\t<svg  viewbox=\"0 0 18 18\" class=\"frmsvg frm-svg-icon\">\n\t<path viewbox=\"0 0 18 18\" fill-rule=\"evenodd\" clip-rule=\"evenodd\" d=\"M8.2 4v8a.8.8 0 001.5 0V4l2.1 2.2A.7.7 0 1013 5L9.5 1.7a.7.7 0 00-1.1 0L5.1 5.2a.8.8 0 001 1l2.1-2zm7.6 4.3c.4 0 .7.3.7.7v6.8c0 .4-.3.7-.8.7H2.3a.8.8 0 01-.8-.8V9A.8.8 0 013 9v6h12V9c0-.4.3-.8.8-.8z\"><\/path>\n<\/svg>\t\t<span class=\"frm_upload_text\"><button type=\"button\" aria-label=\"Photo . Maximum file size: 3MB\"><\/button><\/span>\n\t\t<span class=\"frm_compact_text\"><button type=\"button\" aria-label=\"Photo. Choose a file. Maximum file size: 3MB\">Choose a file<\/button><\/span>\n\t\t<div class=\"frm_small_text\">\n\t\t\t<p>Maximum file size: 3MB<\/p>\n\t\t<\/div>\n\t<\/div>\n<\/div>\n\t\r\n    <div class=\"frm_description\" id=\"frm_desc_field_7bfwx\">To complete your request, please attach a photo. <\/div>\r\n    \r\n<\/div>\n<div id=\"frm_field_74_container\" class=\"frm_form_field form-field  frm_none_container\">\r\n    <label for=\"h-captcha-response\" id=\"field_nrien_label\" class=\"frm_primary_label\">Captcha\r\n        <span class=\"frm_required\" aria-hidden=\"true\"><\/span>\r\n    <\/label>\r\n    <div  id=\"field_nrien\" class=\"h-captcha\" data-sitekey=\"69d8cf6c-c6fa-46e4-9c9a-026da2c0833b\" data-size=\"normal\" data-theme=\"light\"><\/div>\r\n    \r\n    \r\n<\/div>\n<div id=\"frm_field_101_container\" class=\"frm_form_field form-field\">\n\t<div class=\"frm_submit\">\r\n\r\n<button class=\"frm_button_submit frm_final_submit\" type=\"submit\"   formnovalidate=\"formnovalidate\">Send<\/button>\r\n\r\n<\/div>\n<\/div>\n\t<input type=\"hidden\" name=\"item_key\" value=\"\" \/>\n\t\t\t<div id=\"frm_field_107_container\">\n\t\t\t<label for=\"field_6c5hj\" >\n\t\t\t\tIf you are human, leave this field blank.\t\t\t<\/label>\n\t\t\t<input  id=\"field_6c5hj\" type=\"text\" class=\"frm_form_field form-field frm_verify\" name=\"item_meta[107]\" value=\"\"  \/>\n\t\t<\/div>\n\t\t<input name=\"frm_state\" type=\"hidden\" value=\"wTXbQlG4Edpv\/eZ\/X9TVOhfyM6qZ1mojZM8o4022g0keDToAe00UkO8rIVGEJSOc\" \/><\/div>\n<\/fieldset>\n<\/div>\n\n<input type=\"hidden\" name=\"trp-form-language\" value=\"en\"\/><\/form>\n<\/div>\n<\/div>\n\t\t\t\t\t\t<\/div>\n\t\t\t\t<\/div>\n\t\t\t\t\t<\/div>\n\t\t\t\t<\/div>\n\t\t\t\t<\/div>","protected":false},"excerpt":{"rendered":"","protected":false},"author":2,"featured_media":0,"parent":0,"menu_order":0,"comment_status":"closed","ping_status":"closed","template":"","meta":{"footnotes":""},"class_list":["post-288","page","type-page","status-publish","hentry"],"_links":{"self":[{"href":"https:\/\/www.fifb.be\/en\/wp-json\/wp\/v2\/pages\/288","targetHints":{"allow":["GET"]}}],"collection":[{"href":"https:\/\/www.fifb.be\/en\/wp-json\/wp\/v2\/pages"}],"about":[{"href":"https:\/\/www.fifb.be\/en\/wp-json\/wp\/v2\/types\/page"}],"author":[{"embeddable":true,"href":"https:\/\/www.fifb.be\/en\/wp-json\/wp\/v2\/users\/2"}],"replies":[{"embeddable":true,"href":"https:\/\/www.fifb.be\/en\/wp-json\/wp\/v2\/comments?post=288"}],"version-history":[{"count":5,"href":"https:\/\/www.fifb.be\/en\/wp-json\/wp\/v2\/pages\/288\/revisions"}],"predecessor-version":[{"id":6372,"href":"https:\/\/www.fifb.be\/en\/wp-json\/wp\/v2\/pages\/288\/revisions\/6372"}],"wp:attachment":[{"href":"https:\/\/www.fifb.be\/en\/wp-json\/wp\/v2\/media?parent=288"}],"curies":[{"name":"wp","href":"https:\/\/api.w.org\/{rel}","templated":true}]}}