{"id":7009,"date":"2024-11-18T15:42:17","date_gmt":"2024-11-18T15:42:17","guid":{"rendered":"https:\/\/www.fifb.be\/?page_id=7009"},"modified":"2024-11-18T15:49:16","modified_gmt":"2024-11-18T15:49:16","slug":"remerciement","status":"publish","type":"page","link":"https:\/\/www.fifb.be\/fr\/remerciement\/","title":{"rendered":"Remerciement"},"content":{"rendered":"\t\t<div data-elementor-type=\"wp-page\" data-elementor-id=\"7009\" class=\"elementor elementor-7009\" data-elementor-settings=\"{&quot;element_pack_global_tooltip_width&quot;:{&quot;unit&quot;:&quot;px&quot;,&quot;size&quot;:&quot;&quot;,&quot;sizes&quot;:[]},&quot;element_pack_global_tooltip_width_tablet&quot;:{&quot;unit&quot;:&quot;px&quot;,&quot;size&quot;:&quot;&quot;,&quot;sizes&quot;:[]},&quot;element_pack_global_tooltip_width_mobile&quot;:{&quot;unit&quot;:&quot;px&quot;,&quot;size&quot;:&quot;&quot;,&quot;sizes&quot;:[]},&quot;element_pack_global_tooltip_padding&quot;:{&quot;unit&quot;:&quot;px&quot;,&quot;top&quot;:&quot;&quot;,&quot;right&quot;:&quot;&quot;,&quot;bottom&quot;:&quot;&quot;,&quot;left&quot;:&quot;&quot;,&quot;isLinked&quot;:true},&quot;element_pack_global_tooltip_padding_tablet&quot;:{&quot;unit&quot;:&quot;px&quot;,&quot;top&quot;:&quot;&quot;,&quot;right&quot;:&quot;&quot;,&quot;bottom&quot;:&quot;&quot;,&quot;left&quot;:&quot;&quot;,&quot;isLinked&quot;:true},&quot;element_pack_global_tooltip_padding_mobile&quot;:{&quot;unit&quot;:&quot;px&quot;,&quot;top&quot;:&quot;&quot;,&quot;right&quot;:&quot;&quot;,&quot;bottom&quot;:&quot;&quot;,&quot;left&quot;:&quot;&quot;,&quot;isLinked&quot;:true},&quot;element_pack_global_tooltip_border_radius&quot;:{&quot;unit&quot;:&quot;px&quot;,&quot;top&quot;:&quot;&quot;,&quot;right&quot;:&quot;&quot;,&quot;bottom&quot;:&quot;&quot;,&quot;left&quot;:&quot;&quot;,&quot;isLinked&quot;:true},&quot;element_pack_global_tooltip_border_radius_tablet&quot;:{&quot;unit&quot;:&quot;px&quot;,&quot;top&quot;:&quot;&quot;,&quot;right&quot;:&quot;&quot;,&quot;bottom&quot;:&quot;&quot;,&quot;left&quot;:&quot;&quot;,&quot;isLinked&quot;:true},&quot;element_pack_global_tooltip_border_radius_mobile&quot;:{&quot;unit&quot;:&quot;px&quot;,&quot;top&quot;:&quot;&quot;,&quot;right&quot;:&quot;&quot;,&quot;bottom&quot;:&quot;&quot;,&quot;left&quot;:&quot;&quot;,&quot;isLinked&quot;:true}}\" data-elementor-post-type=\"page\">\n\t\t\t\t<div class=\"elementor-element elementor-element-23945bc e-con-full e-flex e-con e-parent\" data-id=\"23945bc\" data-element_type=\"container\" data-settings=\"{&quot;ekit_has_onepagescroll_dot&quot;:&quot;yes&quot;}\">\n\t\t\t\t<div class=\"elementor-element elementor-element-2d55e37 elementor-widget elementor-widget-image\" data-id=\"2d55e37\" data-element_type=\"widget\" data-settings=\"{&quot;ekit_we_effect_on&quot;:&quot;none&quot;}\" data-widget_type=\"image.default\">\n\t\t\t\t<div class=\"elementor-widget-container\">\n\t\t\t\t\t\t\t\t\t\t\t\t\t\t\t<img fetchpriority=\"high\" decoding=\"async\" width=\"1440\" height=\"577\" src=\"https:\/\/www.fifb.be\/wp-content\/uploads\/2024\/10\/Header-1.png\" class=\"attachment-full size-full wp-image-174\" alt=\"\" srcset=\"https:\/\/www.fifb.be\/wp-content\/uploads\/2024\/10\/Header-1.png 1440w, https:\/\/www.fifb.be\/wp-content\/uploads\/2024\/10\/Header-1-300x120.png 300w, https:\/\/www.fifb.be\/wp-content\/uploads\/2024\/10\/Header-1-1024x410.png 1024w, https:\/\/www.fifb.be\/wp-content\/uploads\/2024\/10\/Header-1-768x308.png 768w\" sizes=\"(max-width: 1440px) 100vw, 1440px\" \/>\t\t\t\t\t\t\t\t\t\t\t\t\t\t\t<\/div>\n\t\t\t\t<\/div>\n\t\t\t\t<\/div>\n\t\t<div class=\"elementor-element elementor-element-c5a503f e-flex e-con-boxed e-con e-parent\" data-id=\"c5a503f\" data-element_type=\"container\" data-settings=\"{&quot;ekit_has_onepagescroll_dot&quot;:&quot;yes&quot;}\">\n\t\t\t\t\t<div class=\"e-con-inner\">\n\t\t\t\t<div class=\"elementor-element elementor-element-02c3807 elementor-widget elementor-widget-text-editor\" data-id=\"02c3807\" data-element_type=\"widget\" data-settings=\"{&quot;ekit_we_effect_on&quot;:&quot;none&quot;}\" data-widget_type=\"text-editor.default\">\n\t\t\t\t<div class=\"elementor-widget-container\">\n\t\t\t\t\t\t\t\t\t<h2><strong>Merci pour votre r\u00e9servation !<\/strong><\/h2><p>Hello cin\u00e9phile,<\/p><p>Nous tenons \u00e0 vous remercier chaleureusement d&#8217;avoir r\u00e9serv\u00e9 vos places pour notre projection de film lors du Festival international du Film de Bruxelles \u00e9dition Dakar. Votre soutien et votre enthousiasme pour le cin\u00e9ma sont essentiels pour faire de cet \u00e9v\u00e9nement un succ\u00e8s.<\/p><p>Nous avons h\u00e2te de vous accueillir et de partager avec vous des moments cin\u00e9matographiques inoubliables. Pr\u00e9parez-vous \u00e0 vivre des \u00e9motions fortes, des histoires captivantes et des rencontres enrichissantes avec des passionn\u00e9s du septi\u00e8me art.<\/p><p>N&#8217;oubliez pas de consulter notre programme complet pour ne rien manquer des autres projections et activit\u00e9s que nous avons pr\u00e9par\u00e9es pour vous.<\/p><p>\u00c0 tr\u00e8s bient\u00f4t au Festival international du Film de Bruxelles \u00e9dition Dakar!<\/p><p>Cordialement, L&#8217;\u00c9quipe du FIFB<\/p>\t\t\t\t\t\t\t\t<\/div>\n\t\t\t\t<\/div>\n\t\t\t\t\t<\/div>\n\t\t\t\t<\/div>\n\t\t\t\t<\/div>\n\t\t","protected":false},"excerpt":{"rendered":"<p>Merci pour votre r\u00e9servation ! Hello cin\u00e9phile, Nous tenons \u00e0 vous remercier chaleureusement d&#8217;avoir r\u00e9serv\u00e9 vos places pour notre projection de film lors du Festival international du Film de Bruxelles \u00e9dition Dakar. Votre soutien et votre enthousiasme pour le cin\u00e9ma sont essentiels pour faire de cet \u00e9v\u00e9nement un succ\u00e8s. Nous avons h\u00e2te de vous accueillir [&hellip;]<\/p>\n","protected":false},"author":2,"featured_media":0,"parent":0,"menu_order":0,"comment_status":"closed","ping_status":"closed","template":"","meta":{"footnotes":""},"class_list":["post-7009","page","type-page","status-publish","hentry"],"_links":{"self":[{"href":"https:\/\/www.fifb.be\/fr\/wp-json\/wp\/v2\/pages\/7009","targetHints":{"allow":["GET"]}}],"collection":[{"href":"https:\/\/www.fifb.be\/fr\/wp-json\/wp\/v2\/pages"}],"about":[{"href":"https:\/\/www.fifb.be\/fr\/wp-json\/wp\/v2\/types\/page"}],"author":[{"embeddable":true,"href":"https:\/\/www.fifb.be\/fr\/wp-json\/wp\/v2\/users\/2"}],"replies":[{"embeddable":true,"href":"https:\/\/www.fifb.be\/fr\/wp-json\/wp\/v2\/comments?post=7009"}],"version-history":[{"count":4,"href":"https:\/\/www.fifb.be\/fr\/wp-json\/wp\/v2\/pages\/7009\/revisions"}],"predecessor-version":[{"id":7013,"href":"https:\/\/www.fifb.be\/fr\/wp-json\/wp\/v2\/pages\/7009\/revisions\/7013"}],"wp:attachment":[{"href":"https:\/\/www.fifb.be\/fr\/wp-json\/wp\/v2\/media?parent=7009"}],"curies":[{"name":"wp","href":"https:\/\/api.w.org\/{rel}","templated":true}]}}